{"id":535,"date":"2025-03-11T11:26:30","date_gmt":"2025-03-11T11:26:30","guid":{"rendered":"https:\/\/saneuro-dz.com\/?page_id=535"},"modified":"2025-03-11T11:26:30","modified_gmt":"2025-03-11T11:26:30","slug":"congres-2024","status":"publish","type":"page","link":"https:\/\/saneuro-dz.com\/index.php\/congres-2024\/","title":{"rendered":"CONGRES 2024"},"content":{"rendered":"<div class=\"fusion-fullwidth fullwidth-box fusion-builder-row-1 fusion-flex-container has-pattern-background has-mask-background nonhundred-percent-fullwidth non-hundred-percent-height-scrolling\" style=\"--awb-border-radius-top-left:0px;--awb-border-radius-top-right:0px;--awb-border-radius-bottom-right:0px;--awb-border-radius-bottom-left:0px;--awb-padding-top:3px;--awb-padding-right:3px;--awb-padding-bottom:3px;--awb-padding-left:3px;--awb-margin-top:0px;--awb-margin-bottom:0px;\" ><div class=\"fusion-builder-row fusion-row fusion-flex-align-items-flex-start\" style=\"max-width:1248px;margin-left: calc(-4% \/ 2 );margin-right: calc(-4% \/ 2 );\"><div class=\"fusion-layout-column fusion_builder_column fusion-builder-column-0 fusion_builder_column_1_1 1_1 fusion-flex-column fusion-flex-align-self-center\" style=\"--awb-bg-color:#64bddd;--awb-bg-size:cover;--awb-width-large:100%;--awb-margin-top-large:0px;--awb-spacing-right-large:0;--awb-margin-bottom-large:20px;--awb-spacing-left-large:0;--awb-width-medium:100%;--awb-order-medium:0;--awb-spacing-right-medium:0;--awb-spacing-left-medium:0;--awb-width-small:100%;--awb-order-small:0;--awb-spacing-right-small:1.92%;--awb-spacing-left-small:1.92%;\"><div class=\"fusion-column-wrapper fusion-column-has-shadow fusion-flex-justify-content-center fusion-content-layout-row\"><div class=\"fusion-builder-row fusion-builder-row-inner fusion-row fusion-flex-align-items-flex-start\" style=\"width:104% !important;max-width:104% !important;margin-left: calc(-4% \/ 2 );margin-right: calc(-4% \/ 2 );\"><div class=\"fusion-layout-column fusion_builder_column_inner fusion-builder-nested-column-0 fusion_builder_column_inner_1_2 1_2 fusion-flex-column fusion-flex-align-self-flex-start\" style=\"--awb-bg-size:cover;--awb-width-large:50%;--awb-margin-top-large:0px;--awb-spacing-right-large:3.84%;--awb-margin-bottom-large:0px;--awb-spacing-left-large:6.72%;--awb-width-medium:50%;--awb-order-medium:0;--awb-spacing-right-medium:3.84%;--awb-spacing-left-medium:6.72%;--awb-width-small:100%;--awb-order-small:0;--awb-spacing-right-small:1.92%;--awb-spacing-left-small:1.92%;\"><div class=\"fusion-column-wrapper fusion-column-has-shadow fusion-flex-justify-content-flex-start fusion-content-layout-column\"><div class=\"fusion-image-element \" style=\"--awb-caption-title-size:var(--h2_typography-font-size);--awb-caption-title-transform:var(--h2_typography-text-transform);--awb-caption-title-line-height:var(--h2_typography-line-height);--awb-caption-title-letter-spacing:var(--h2_typography-letter-spacing);\"><span class=\" fusion-imageframe imageframe-none imageframe-1 hover-type-none\"><img decoding=\"async\" width=\"512\" height=\"640\" title=\"434648165_911996857384854_4864399271431116971_n\" src=\"https:\/\/saneuro-dz.com\/wp-content\/uploads\/2024\/04\/434648165_911996857384854_4864399271431116971_n.jpg\" alt class=\"img-responsive wp-image-497\" srcset=\"https:\/\/saneuro-dz.com\/wp-content\/uploads\/2024\/04\/434648165_911996857384854_4864399271431116971_n-200x250.jpg 200w, https:\/\/saneuro-dz.com\/wp-content\/uploads\/2024\/04\/434648165_911996857384854_4864399271431116971_n-400x500.jpg 400w, https:\/\/saneuro-dz.com\/wp-content\/uploads\/2024\/04\/434648165_911996857384854_4864399271431116971_n.jpg 512w\" sizes=\"(max-width: 640px) 100vw, 512px\" \/><\/span><\/div><\/div><\/div><div class=\"fusion-layout-column fusion_builder_column_inner fusion-builder-nested-column-1 fusion_builder_column_inner_1_2 1_2 fusion-flex-column\" style=\"--awb-bg-size:cover;--awb-width-large:50%;--awb-margin-top-large:0px;--awb-spacing-right-large:3.84%;--awb-margin-bottom-large:20px;--awb-spacing-left-large:3.84%;--awb-width-medium:50%;--awb-order-medium:0;--awb-spacing-right-medium:3.84%;--awb-spacing-left-medium:3.84%;--awb-width-small:100%;--awb-order-small:0;--awb-spacing-right-small:1.92%;--awb-spacing-left-small:1.92%;\"><div class=\"fusion-column-wrapper fusion-column-has-shadow fusion-flex-justify-content-flex-start fusion-content-layout-column\"><div class=\"fusion-text fusion-text-1\"><h1 class=\"fusion-responsive-typography-calculated\" style=\"font-size: 24px; font-family: Merriweather; font-weight: bold; --fontsize: 24; line-height: 1.2;\" data-fontsize=\"24\" data-lineheight=\"28.8px\">3\u00e8me congr\u00e8s national de neurologie<\/h1>\n<h1 class=\"fusion-responsive-typography-calculated\" style=\"font-size: 24px; font-family: Merriweather; font-weight: bold; --fontsize: 24; line-height: 1.2;\" data-fontsize=\"24\" data-lineheight=\"28.8px\">et 4\u00e8me congr\u00e8s national d&rsquo;\u00e9pilepsie<\/h1>\n<\/div><div class=\"fusion-text fusion-text-2\"><p><span style=\"font-family: Merriweather; font-weight: bold; font-size: 18px;\" data-fusion-font=\"true\" data-fusion-google-font=\"Merriweather\" data-fusion-google-variant=\"700\">Le 03 et 04 Mai 2024, \u00e0 l&rsquo;h\u00f4tel El Aurassi, Alger.<\/span><\/p>\n<\/div><div style=\"text-align:center;\"><a class=\"fusion-button button-flat button-xlarge button-custom fusion-button-default button-1 fusion-button-span-yes fusion-button-default-type\" style=\"--button_accent_color:var(--awb-color1);--button_accent_hover_color:var(--awb-color1);--button_border_hover_color:var(--awb-color1);--button_gradient_top_color:#660162;--button_gradient_bottom_color:#660162;--button_gradient_top_color_hover:#660162;--button_gradient_bottom_color_hover:#660162;--button_margin-top:10px;--button_margin-right:10px;width:calc(100% - 10px);\" target=\"_blank\" rel=\"noopener noreferrer\" href=\"https:\/\/saneuro-dz.com\/wp-content\/uploads\/2024\/05\/Programme-FINAL.pdf\"><span class=\"fusion-button-text\">Programme<\/span><\/a><\/div><div style=\"text-align:center;\"><a class=\"fusion-button button-flat button-xlarge button-custom fusion-button-default button-2 fusion-button-span-yes fusion-button-default-type\" style=\"--button_accent_color:var(--awb-color1);--button_accent_hover_color:var(--awb-color1);--button_border_hover_color:var(--awb-color1);--button_gradient_top_color:#660162;--button_gradient_bottom_color:#660162;--button_gradient_top_color_hover:#660162;--button_gradient_bottom_color_hover:#660162;--button_margin-top:10px;--button_margin-right:10px;width:calc(100% - 10px);\" target=\"_blank\" rel=\"noopener noreferrer\" href=\"https:\/\/saneuro-dz.com\/index.php\/liste-des-eposters\"><span class=\"fusion-button-text\">Liste des EPOSTERS<\/span><\/a><\/div><div style=\"text-align:center;\"><a class=\"fusion-button button-flat button-xlarge button-custom fusion-button-default button-3 fusion-button-span-yes fusion-button-default-type\" style=\"--button_accent_color:var(--awb-color1);--button_accent_hover_color:var(--awb-color1);--button_border_hover_color:var(--awb-color1);--button_gradient_top_color:#03729e;--button_gradient_bottom_color:#03729e;--button_gradient_top_color_hover:#03729e;--button_gradient_bottom_color_hover:#03729e;--button_margin-top:10px;--button_margin-right:10px;width:calc(100% - 10px);\" target=\"_blank\" rel=\"noopener noreferrer\" href=\"https:\/\/saneuro-dz.com\/index.php\/dates-importantes-a-retenir\/\"><span class=\"fusion-button-text\">DATES IMPORTANTES A RETENIR<\/span><\/a><\/div><div style=\"text-align:center;\"><a class=\"fusion-button button-flat button-xlarge button-custom fusion-button-default button-4 fusion-button-span-yes fusion-button-default-type\" style=\"--button_accent_color:var(--awb-color1);--button_accent_hover_color:var(--awb-color1);--button_border_hover_color:var(--awb-color1);--button_gradient_top_color:#03729e;--button_gradient_bottom_color:#03729e;--button_gradient_top_color_hover:#03729e;--button_gradient_bottom_color_hover:#03729e;--button_margin-top:10px;--button_margin-right:10px;width:calc(100% - 10px);\" target=\"_blank\" rel=\"noopener noreferrer\" href=\"https:\/\/saneuro-dz.com\/index.php\/recommandations-aux-auteurs\/\"><span class=\"fusion-button-text\">Recommandations aux auteurs<\/span><\/a><\/div><div class=\"fusion-text fusion-text-3 fusion-text-no-margin\" style=\"--awb-margin-top:3px;--awb-margin-right:3px;--awb-margin-bottom:3px;--awb-margin-left:3px0;\"><p style=\"color: #463481; font-family: Merriweather; font-weight: 300; font-size: 10px; line-height: 18.2px; letter-spacing: 0.23px;\" data-fusion-font=\"true\" data-fusion-google-font=\"Merriweather\" data-fusion-google-variant=\"300\">\n<\/div><div style=\"text-align:center;\"><a class=\"fusion-button button-flat button-xlarge button-custom fusion-button-default button-5 fusion-button-span-yes fusion-button-default-type\" style=\"--button_accent_color:var(--awb-color1);--button_accent_hover_color:var(--awb-color1);--button_border_hover_color:var(--awb-color1);--button_gradient_top_color:#03729e;--button_gradient_bottom_color:#03729e;--button_gradient_top_color_hover:#03729e;--button_gradient_bottom_color_hover:#03729e;--button_margin-top:10px;--button_margin-right:10px;width:calc(100% - 10px);\" target=\"_blank\" rel=\"noopener noreferrer\" href=\"https:\/\/saneuro-dz.com\/index.php\/recommandations-aux-orateurs\/\"><span class=\"fusion-button-text\">Recommandations aux ORATEURS<\/span><\/a><\/div><div style=\"text-align:center;\"><a class=\"fusion-button button-flat button-xlarge button-custom fusion-button-default button-6 fusion-button-span-yes fusion-button-default-type\" style=\"--button_accent_color:var(--awb-color1);--button_accent_hover_color:var(--awb-color1);--button_border_hover_color:var(--awb-color1);--button_gradient_top_color:#03729e;--button_gradient_bottom_color:#03729e;--button_gradient_top_color_hover:#03729e;--button_gradient_bottom_color_hover:#03729e;--button_margin-top:10px;--button_margin-right:10px;--button_margin-bottom:10px;width:calc(100% - 10px);\" target=\"_blank\" rel=\"noopener noreferrer\" href=\"https:\/\/saneuro-dz.com\/index.php\/recommandations-pour-les-e-posters\/\"><span class=\"fusion-button-text\">Recommandations pour les E-Posters<\/span><\/a><\/div><\/div><\/div><\/div><\/div><\/div><div class=\"fusion-layout-column fusion_builder_column fusion-builder-column-1 fusion-flex-column fusion-flex-align-self-center fusion-column-inner-bg-wrapper\" style=\"--awb-inner-bg-color:#64bddd;--awb-inner-bg-size:cover;--awb-width-large:auto;--awb-margin-top-large:0px;--awb-spacing-right-large:0;--awb-margin-bottom-large:0px;--awb-spacing-left-large:0;--awb-width-medium:auto;--awb-order-medium:0;--awb-spacing-right-medium:0;--awb-spacing-left-medium:0;--awb-width-small:100%;--awb-order-small:0;--awb-spacing-right-small:1.92%;--awb-spacing-left-small:1.92%;\"><span class=\"fusion-column-inner-bg hover-type-none\"><a class=\"fusion-column-anchor\" href=\"https:\/\/saneuro-dz.com\/index.php\/2eme-congres-national-de-neurologie\/\"><span class=\"fusion-column-inner-bg-image\"><\/span><\/a><\/span><div class=\"fusion-column-wrapper fusion-column-has-shadow fusion-flex-justify-content-center fusion-content-layout-row\"><\/div><\/div><div class=\"fusion-layout-column fusion_builder_column fusion-builder-column-2 fusion_builder_column_2_3 2_3 fusion-flex-column\" style=\"--awb-bg-size:cover;--awb-width-large:66.666666666667%;--awb-margin-top-large:0px;--awb-spacing-right-large:2.88%;--awb-margin-bottom-large:20px;--awb-spacing-left-large:2.88%;--awb-width-medium:66.666666666667%;--awb-order-medium:0;--awb-spacing-right-medium:2.88%;--awb-spacing-left-medium:2.88%;--awb-width-small:100%;--awb-order-small:0;--awb-spacing-right-small:1.92%;--awb-spacing-left-small:1.92%;\"><div class=\"fusion-column-wrapper fusion-column-has-shadow fusion-flex-justify-content-flex-start fusion-content-layout-column\"><div class=\"fusion-title title fusion-title-1 fusion-sep-none fusion-title-text fusion-title-size-one\" style=\"--awb-text-color:#463481;--awb-font-size:43px;\"><h1 class=\"title-heading-left\" style=\"margin:0;font-size:1em;\"><span style=\"font-family: Merriweather; font-weight: 400;\" data-fusion-font=\"true\" data-fusion-google-font=\"Merriweather\" data-fusion-google-variant=\"400\">Agenda<\/span><\/h1><\/div><\/div><\/div><div class=\"fusion-layout-column fusion_builder_column fusion-builder-column-3 fusion_builder_column_1_6 1_6 fusion-flex-column fusion-flex-align-self-center\" style=\"--awb-bg-size:cover;--awb-width-large:16.666666666667%;--awb-margin-top-large:0px;--awb-spacing-right-large:0%;--awb-margin-bottom-large:0px;--awb-spacing-left-large:71.424%;--awb-width-medium:16.666666666667%;--awb-order-medium:0;--awb-spacing-right-medium:0%;--awb-spacing-left-medium:71.424%;--awb-width-small:100%;--awb-order-small:0;--awb-spacing-right-small:1.92%;--awb-spacing-left-small:1.92%;\"><div class=\"fusion-column-wrapper fusion-column-has-shadow fusion-flex-justify-content-flex-start fusion-content-layout-column\"><div class=\"fusion-image-element \" style=\"text-align:right;--awb-caption-title-size:var(--h2_typography-font-size);--awb-caption-title-transform:var(--h2_typography-text-transform);--awb-caption-title-line-height:var(--h2_typography-line-height);--awb-caption-title-letter-spacing:var(--h2_typography-letter-spacing);\"><span class=\" fusion-imageframe imageframe-none imageframe-2 hover-type-none\"><img decoding=\"async\" width=\"150\" height=\"150\" title=\"left\" src=\"https:\/\/saneuro-dz.com\/wp-content\/uploads\/2023\/03\/left-150x150.jpg\" alt class=\"img-responsive wp-image-266\" srcset=\"https:\/\/saneuro-dz.com\/wp-content\/uploads\/2023\/03\/left-66x66.jpg 66w, https:\/\/saneuro-dz.com\/wp-content\/uploads\/2023\/03\/left-150x150.jpg 150w, https:\/\/saneuro-dz.com\/wp-content\/uploads\/2023\/03\/left.jpg 200w\" sizes=\"(max-width: 150px) 100vw, 150px\" \/><\/span><\/div><\/div><\/div><div class=\"fusion-layout-column fusion_builder_column fusion-builder-column-4 fusion_builder_column_1_6 1_6 fusion-flex-column fusion-flex-align-self-center\" style=\"--awb-bg-size:cover;--awb-width-large:16.666666666667%;--awb-margin-top-large:0px;--awb-spacing-right-large:58.176%;--awb-margin-bottom-large:0px;--awb-spacing-left-large:13.248%;--awb-width-medium:16.666666666667%;--awb-order-medium:0;--awb-spacing-right-medium:58.176%;--awb-spacing-left-medium:13.248%;--awb-width-small:100%;--awb-order-small:0;--awb-spacing-right-small:1.92%;--awb-spacing-left-small:1.92%;\"><div class=\"fusion-column-wrapper fusion-column-has-shadow fusion-flex-justify-content-flex-start fusion-content-layout-column\"><div class=\"fusion-image-element \" style=\"text-align:left;--awb-caption-title-size:var(--h2_typography-font-size);--awb-caption-title-transform:var(--h2_typography-text-transform);--awb-caption-title-line-height:var(--h2_typography-line-height);--awb-caption-title-letter-spacing:var(--h2_typography-letter-spacing);\"><span class=\" fusion-imageframe imageframe-none imageframe-3 hover-type-none\"><img decoding=\"async\" width=\"150\" height=\"150\" title=\"right\" src=\"https:\/\/saneuro-dz.com\/wp-content\/uploads\/2023\/03\/right-150x150.jpg\" alt class=\"img-responsive wp-image-265\" srcset=\"https:\/\/saneuro-dz.com\/wp-content\/uploads\/2023\/03\/right-66x66.jpg 66w, https:\/\/saneuro-dz.com\/wp-content\/uploads\/2023\/03\/right-150x150.jpg 150w, https:\/\/saneuro-dz.com\/wp-content\/uploads\/2023\/03\/right.jpg 200w\" sizes=\"(max-width: 150px) 100vw, 150px\" \/><\/span><\/div><\/div><\/div><div class=\"fusion-layout-column fusion_builder_column fusion-builder-column-5 fusion_builder_column_1_1 1_1 fusion-flex-column\" style=\"--awb-bg-size:cover;--awb-width-large:100%;--awb-margin-top-large:0px;--awb-spacing-right-large:1.92%;--awb-margin-bottom-large:0px;--awb-spacing-left-large:0%;--awb-width-medium:100%;--awb-order-medium:0;--awb-spacing-right-medium:1.92%;--awb-spacing-left-medium:0%;--awb-width-small:100%;--awb-order-small:0;--awb-spacing-right-small:1.92%;--awb-spacing-left-small:1.92%;\"><div class=\"fusion-column-wrapper fusion-column-has-shadow fusion-flex-justify-content-flex-start fusion-content-layout-column\"><div class=\"fusion-builder-row fusion-builder-row-inner fusion-row fusion-flex-align-items-flex-start\" style=\"width:104% !important;max-width:104% !important;margin-left: calc(-4% \/ 2 );margin-right: calc(-4% \/ 2 );\"><div class=\"fusion-layout-column fusion_builder_column_inner fusion-builder-nested-column-2 fusion_builder_column_inner_1_5 1_5 fusion-flex-column\" style=\"--awb-bg-size:cover;--awb-width-large:20%;--awb-margin-top-large:0px;--awb-spacing-right-large:0%;--awb-margin-bottom-large:0px;--awb-spacing-left-large:0%;--awb-width-medium:20%;--awb-order-medium:0;--awb-spacing-right-medium:0%;--awb-spacing-left-medium:0%;--awb-width-small:100%;--awb-order-small:0;--awb-spacing-right-small:1.92%;--awb-spacing-left-small:1.92%;\"><div class=\"fusion-column-wrapper fusion-column-has-shadow fusion-flex-justify-content-flex-start fusion-content-layout-column\"><div class=\"fusion-image-element \" style=\"text-align:center;--awb-caption-title-size:var(--h2_typography-font-size);--awb-caption-title-transform:var(--h2_typography-text-transform);--awb-caption-title-line-height:var(--h2_typography-line-height);--awb-caption-title-letter-spacing:var(--h2_typography-letter-spacing);\"><span class=\" fusion-imageframe imageframe-none imageframe-4 hover-type-none\"><img decoding=\"async\" width=\"150\" height=\"150\" title=\"428357351_375085021934336_246255977608124047_n\" src=\"https:\/\/saneuro-dz.com\/wp-content\/uploads\/2024\/03\/428357351_375085021934336_246255977608124047_n-150x150.jpg\" alt class=\"img-responsive wp-image-444\" srcset=\"https:\/\/saneuro-dz.com\/wp-content\/uploads\/2024\/03\/428357351_375085021934336_246255977608124047_n-66x66.jpg 66w, https:\/\/saneuro-dz.com\/wp-content\/uploads\/2024\/03\/428357351_375085021934336_246255977608124047_n-150x150.jpg 150w\" sizes=\"(max-width: 150px) 100vw, 150px\" \/><\/span><\/div><\/div><\/div><div class=\"fusion-layout-column fusion_builder_column_inner fusion-builder-nested-column-3 fusion_builder_column_inner_4_5 4_5 fusion-flex-column\" style=\"--awb-bg-size:cover;--awb-width-large:80%;--awb-margin-top-large:0px;--awb-spacing-right-large:2.4%;--awb-margin-bottom-large:0px;--awb-spacing-left-large:0%;--awb-width-medium:80%;--awb-order-medium:0;--awb-spacing-right-medium:2.4%;--awb-spacing-left-medium:0%;--awb-width-small:100%;--awb-order-small:0;--awb-spacing-right-small:1.92%;--awb-spacing-left-small:1.92%;\"><div class=\"fusion-column-wrapper fusion-column-has-shadow fusion-flex-justify-content-flex-start fusion-content-layout-column\"><div class=\"fusion-text fusion-text-4\" style=\"--awb-content-alignment:left;\"><p><span style=\"font-family: Merriweather; font-weight: bold; font-size: 31px;\" data-fusion-font=\"true\" data-fusion-google-font=\"Merriweather\" data-fusion-google-variant=\"700\">deuxi\u00e8me Journ\u00e9e d&rsquo;Enseignement en Epileptologie (JEEP) <\/span><br \/><span style=\"background-color: var(--awb-bg-color); font-family: Merriweather; font-size: 1em; font-weight: bold; letter-spacing: 0px; text-transform: var(--h6_typography-text-transform); color: #4d95bd;\" data-fusion-font=\"true\" data-fusion-google-font=\"Merriweather\" data-fusion-google-variant=\"700\">06 F\u00e9vrier 2024, \u00e0 l&rsquo;h\u00f4tel  El Khayem, Constantine.<\/span><\/p>\n<\/div><\/div><\/div><\/div><div class=\"fusion-builder-row fusion-builder-row-inner fusion-row fusion-flex-align-items-flex-start\" style=\"width:104% !important;max-width:104% !important;margin-left: calc(-4% \/ 2 );margin-right: calc(-4% \/ 2 );\"><div class=\"fusion-layout-column fusion_builder_column_inner fusion-builder-nested-column-4 fusion_builder_column_inner_1_5 1_5 fusion-flex-column\" style=\"--awb-padding-top:5px;--awb-bg-size:cover;--awb-width-large:20%;--awb-margin-top-large:0px;--awb-spacing-right-large:0%;--awb-margin-bottom-large:0px;--awb-spacing-left-large:0%;--awb-width-medium:20%;--awb-order-medium:0;--awb-spacing-right-medium:0%;--awb-spacing-left-medium:0%;--awb-width-small:100%;--awb-order-small:0;--awb-spacing-right-small:1.92%;--awb-spacing-left-small:1.92%;\"><div class=\"fusion-column-wrapper fusion-column-has-shadow fusion-flex-justify-content-flex-start fusion-content-layout-column\"><div class=\"fusion-image-element \" style=\"text-align:center;--awb-caption-title-size:var(--h2_typography-font-size);--awb-caption-title-transform:var(--h2_typography-text-transform);--awb-caption-title-line-height:var(--h2_typography-line-height);--awb-caption-title-letter-spacing:var(--h2_typography-letter-spacing);\"><span class=\" fusion-imageframe imageframe-none imageframe-5 hover-type-none\"><img decoding=\"async\" width=\"150\" height=\"150\" title=\"affiche-journ\u00e9e-octobre-SAN\" src=\"https:\/\/saneuro-dz.com\/wp-content\/uploads\/2023\/10\/affiche-journee-octobre-SAN-150x150.jpg\" alt class=\"img-responsive wp-image-422\" srcset=\"https:\/\/saneuro-dz.com\/wp-content\/uploads\/2023\/10\/affiche-journee-octobre-SAN-66x66.jpg 66w, https:\/\/saneuro-dz.com\/wp-content\/uploads\/2023\/10\/affiche-journee-octobre-SAN-150x150.jpg 150w\" sizes=\"(max-width: 150px) 100vw, 150px\" \/><\/span><\/div><\/div><\/div><div class=\"fusion-layout-column fusion_builder_column_inner fusion-builder-nested-column-5 fusion_builder_column_inner_4_5 4_5 fusion-flex-column\" style=\"--awb-bg-size:cover;--awb-width-large:80%;--awb-margin-top-large:0px;--awb-spacing-right-large:2.4%;--awb-margin-bottom-large:0px;--awb-spacing-left-large:0%;--awb-width-medium:80%;--awb-order-medium:0;--awb-spacing-right-medium:2.4%;--awb-spacing-left-medium:0%;--awb-width-small:100%;--awb-order-small:0;--awb-spacing-right-small:1.92%;--awb-spacing-left-small:1.92%;\"><div class=\"fusion-column-wrapper fusion-column-has-shadow fusion-flex-justify-content-flex-start fusion-content-layout-column\"><div class=\"fusion-text fusion-text-5\" style=\"--awb-content-alignment:left;\"><p><span style=\"font-family: Merriweather; font-weight: bold; font-size: 31px;\" data-fusion-font=\"true\" data-fusion-google-font=\"Merriweather\" data-fusion-google-variant=\"700\">Journ\u00e9e Internationale sur les pathologies neuromusculaires<\/span><br \/><span style=\"background-color: var(--awb-bg-color); font-family: Merriweather; font-size: 1em; font-weight: bold; letter-spacing: 0px; text-transform: var(--h6_typography-text-transform); color: #4d95bd;\" data-fusion-font=\"true\" data-fusion-google-font=\"Merriweather\" data-fusion-google-variant=\"700\">28 Octobre 2023, H\u00f4tel Golden Tulip Royaume, Alger.<\/span><\/p>\n<\/div><\/div><\/div><\/div><\/div><\/div><\/div><\/div>\n","protected":false},"excerpt":{"rendered":"","protected":false},"author":1,"featured_media":0,"parent":0,"menu_order":0,"comment_status":"closed","ping_status":"closed","template":"100-width.php","meta":{"_bbp_topic_count":0,"_bbp_reply_count":0,"_bbp_total_topic_count":0,"_bbp_total_reply_count":0,"_bbp_voice_count":0,"_bbp_anonymous_reply_count":0,"_bbp_topic_count_hidden":0,"_bbp_reply_count_hidden":0,"_bbp_forum_subforum_count":0,"footnotes":""},"class_list":["post-535","page","type-page","status-publish","hentry"],"_links":{"self":[{"href":"https:\/\/saneuro-dz.com\/index.php\/wp-json\/wp\/v2\/pages\/535","targetHints":{"allow":["GET"]}}],"collection":[{"href":"https:\/\/saneuro-dz.com\/index.php\/wp-json\/wp\/v2\/pages"}],"about":[{"href":"https:\/\/saneuro-dz.com\/index.php\/wp-json\/wp\/v2\/types\/page"}],"author":[{"embeddable":true,"href":"https:\/\/saneuro-dz.com\/index.php\/wp-json\/wp\/v2\/users\/1"}],"replies":[{"embeddable":true,"href":"https:\/\/saneuro-dz.com\/index.php\/wp-json\/wp\/v2\/comments?post=535"}],"version-history":[{"count":2,"href":"https:\/\/saneuro-dz.com\/index.php\/wp-json\/wp\/v2\/pages\/535\/revisions"}],"predecessor-version":[{"id":537,"href":"https:\/\/saneuro-dz.com\/index.php\/wp-json\/wp\/v2\/pages\/535\/revisions\/537"}],"wp:attachment":[{"href":"https:\/\/saneuro-dz.com\/index.php\/wp-json\/wp\/v2\/media?parent=535"}],"curies":[{"name":"wp","href":"https:\/\/api.w.org\/{rel}","templated":true}]}}