{"id":449,"date":"2024-03-11T12:13:09","date_gmt":"2024-03-11T12:13:09","guid":{"rendered":"https:\/\/saneuro-dz.com\/?page_id=449"},"modified":"2025-03-11T11:40:54","modified_gmt":"2025-03-11T11:40:54","slug":"recommandations-aux-auteurs","status":"publish","type":"page","link":"https:\/\/saneuro-dz.com\/index.php\/recommandations-aux-auteurs\/","title":{"rendered":"Recommandations aux auteurs"},"content":{"rendered":"<div class=\"fusion-fullwidth fullwidth-box fusion-builder-row-1 fusion-flex-container nonhundred-percent-fullwidth non-hundred-percent-height-scrolling\" style=\"--awb-border-radius-top-left:0px;--awb-border-radius-top-right:0px;--awb-border-radius-bottom-right:0px;--awb-border-radius-bottom-left:0px;\" ><div class=\"fusion-builder-row fusion-row fusion-flex-align-items-flex-start\" style=\"max-width:1248px;margin-left: calc(-4% \/ 2 );margin-right: calc(-4% \/ 2 );\"><div class=\"fusion-layout-column fusion_builder_column fusion-builder-column-0 fusion_builder_column_1_1 1_1 fusion-flex-column\" style=\"--awb-bg-size:cover;--awb-width-large:100%;--awb-margin-top-large:0px;--awb-spacing-right-large:1.92%;--awb-margin-bottom-large:0px;--awb-spacing-left-large:1.92%;--awb-width-medium:100%;--awb-spacing-right-medium:1.92%;--awb-spacing-left-medium:1.92%;--awb-width-small:100%;--awb-spacing-right-small:1.92%;--awb-spacing-left-small:1.92%;\"><div class=\"fusion-column-wrapper fusion-flex-justify-content-flex-start fusion-content-layout-column\"><div class=\"fusion-text fusion-text-1\"><p><strong>RECOMMANDATIONS AUX AUTEURS<\/strong><\/p>\n<ol>\n<li>Le texte du r\u00e9sum\u00e9 ne doit pas exc\u00e9der <strong>350 mots<\/strong>. Il ne doit comporter ni tableaux, ni figures.<\/li>\n<li>La pr\u00e9sentation se fait selon le plan suivant :<\/li>\n<\/ol>\n<p><strong>Titre :            <\/strong><br \/>\n<strong>Introduction :<\/strong> comporte \u00e9tat actuel des connaissances et les objectifs de l\u2019\u00e9tude.<br \/>\n<strong>Mat\u00e9riels et m\u00e9thodes :<\/strong><br \/>\n<strong>R\u00e9sultats<\/strong> : sans commentaires ni discussion.<br \/>\n<strong>Discussion<\/strong> : confrontation des r\u00e9sultats obtenus aux objectifs et \u00e9ventuellement  comparaison avec  les donn\u00e9es de la litt\u00e9rature.<br \/>\n<strong>Conclusion :<\/strong><\/p>\n<ol start=\"3\">\n<li>Le <strong>type de pr\u00e9sentation<\/strong> (communication orale, poster) doit \u00eatre pr\u00e9cis\u00e9.<\/li>\n<li>Le <strong>th\u00e8me<\/strong> doit obligatoirement \u00eatre pr\u00e9cis\u00e9.<\/li>\n<li>ATTENTION : Les communications seront \u00e9valu\u00e9es de fa\u00e7on anonyme. <u>Le titre et le texte du r\u00e9sum\u00e9 ne doivent contenir aucun \u00e9l\u00e9ment d\u2019identification de l\u2019origine de l\u2019\u00e9tude.<\/u><\/li>\n<\/ol>\n<p><strong>LA DATE LIMITE DE SOUMISSION EST FIXEE AU :10 AVRIL 2024.<\/strong><\/p>\n<\/div><\/div><\/div><\/div><\/div>\n","protected":false},"excerpt":{"rendered":"","protected":false},"author":1,"featured_media":0,"parent":0,"menu_order":0,"comment_status":"closed","ping_status":"closed","template":"100-width.php","meta":{"_bbp_topic_count":0,"_bbp_reply_count":0,"_bbp_total_topic_count":0,"_bbp_total_reply_count":0,"_bbp_voice_count":0,"_bbp_anonymous_reply_count":0,"_bbp_topic_count_hidden":0,"_bbp_reply_count_hidden":0,"_bbp_forum_subforum_count":0,"footnotes":""},"class_list":["post-449","page","type-page","status-publish","hentry"],"_links":{"self":[{"href":"https:\/\/saneuro-dz.com\/index.php\/wp-json\/wp\/v2\/pages\/449","targetHints":{"allow":["GET"]}}],"collection":[{"href":"https:\/\/saneuro-dz.com\/index.php\/wp-json\/wp\/v2\/pages"}],"about":[{"href":"https:\/\/saneuro-dz.com\/index.php\/wp-json\/wp\/v2\/types\/page"}],"author":[{"embeddable":true,"href":"https:\/\/saneuro-dz.com\/index.php\/wp-json\/wp\/v2\/users\/1"}],"replies":[{"embeddable":true,"href":"https:\/\/saneuro-dz.com\/index.php\/wp-json\/wp\/v2\/comments?post=449"}],"version-history":[{"count":3,"href":"https:\/\/saneuro-dz.com\/index.php\/wp-json\/wp\/v2\/pages\/449\/revisions"}],"predecessor-version":[{"id":547,"href":"https:\/\/saneuro-dz.com\/index.php\/wp-json\/wp\/v2\/pages\/449\/revisions\/547"}],"wp:attachment":[{"href":"https:\/\/saneuro-dz.com\/index.php\/wp-json\/wp\/v2\/media?parent=449"}],"curies":[{"name":"wp","href":"https:\/\/api.w.org\/{rel}","templated":true}]}}