{"id":226,"date":"2023-03-19T15:15:57","date_gmt":"2023-03-19T15:15:57","guid":{"rendered":"https:\/\/saneuro-dz.com\/?page_id=226"},"modified":"2024-03-12T10:24:05","modified_gmt":"2024-03-12T10:24:05","slug":"2eme-congres-national-de-neurologie","status":"publish","type":"page","link":"https:\/\/saneuro-dz.com\/index.php\/2eme-congres-national-de-neurologie\/","title":{"rendered":"2\u00e8me Congr\u00e8s National de Neurologie"},"content":{"rendered":"<p><div class=\"fusion-fullwidth fullwidth-box fusion-builder-row-1 fusion-flex-container has-pattern-background has-mask-background hundred-percent-fullwidth non-hundred-percent-height-scrolling\" style=\"--awb-border-radius-top-left:0px;--awb-border-radius-top-right:0px;--awb-border-radius-bottom-right:0px;--awb-border-radius-bottom-left:0px;\" ><div class=\"fusion-builder-row fusion-row fusion-flex-align-items-flex-start\" style=\"width:104% !important;max-width:104% !important;margin-left: calc(-4% \/ 2 );margin-right: calc(-4% \/ 2 );\"><div class=\"fusion-layout-column fusion_builder_column fusion-builder-column-0 fusion_builder_column_1_1 1_1 fusion-flex-column\" style=\"--awb-padding-bottom:43px;--awb-bg-size:cover;--awb-width-large:100%;--awb-margin-top-large:0px;--awb-spacing-right-large:0%;--awb-margin-bottom-large:0px;--awb-spacing-left-large:0%;--awb-width-medium:100%;--awb-order-medium:0;--awb-spacing-right-medium:0%;--awb-spacing-left-medium:0%;--awb-width-small:100%;--awb-order-small:0;--awb-spacing-right-small:1.92%;--awb-spacing-left-small:1.92%;\"><div class=\"fusion-column-wrapper fusion-column-has-shadow fusion-flex-justify-content-flex-start fusion-content-layout-column\"><div class=\"fusion-image-element \" style=\"--awb-caption-title-size:var(--h2_typography-font-size);--awb-caption-title-transform:var(--h2_typography-text-transform);--awb-caption-title-line-height:var(--h2_typography-line-height);--awb-caption-title-letter-spacing:var(--h2_typography-letter-spacing);\"><span class=\" fusion-imageframe imageframe-none imageframe-1 hover-type-none\"><img decoding=\"async\" width=\"1200\" height=\"127\" title=\"agenda\" src=\"https:\/\/saneuro-dz.com\/wp-content\/uploads\/2023\/03\/agenda-1200x127.jpg\" alt class=\"img-responsive wp-image-284\" srcset=\"https:\/\/saneuro-dz.com\/wp-content\/uploads\/2023\/03\/agenda-200x21.jpg 200w, https:\/\/saneuro-dz.com\/wp-content\/uploads\/2023\/03\/agenda-400x42.jpg 400w, https:\/\/saneuro-dz.com\/wp-content\/uploads\/2023\/03\/agenda-600x64.jpg 600w, https:\/\/saneuro-dz.com\/wp-content\/uploads\/2023\/03\/agenda-800x85.jpg 800w, https:\/\/saneuro-dz.com\/wp-content\/uploads\/2023\/03\/agenda-1200x127.jpg 1200w\" sizes=\"(max-width: 640px) 100vw, 1200px\" \/><\/span><\/div><\/div><\/div><div class=\"fusion-layout-column fusion_builder_column fusion-builder-column-1 fusion_builder_column_1_6 1_6 fusion-flex-column\" style=\"--awb-padding-bottom:40px;--awb-bg-color:#ebebeb;--awb-bg-size:cover;--awb-width-large:16.666666666667%;--awb-margin-top-large:0px;--awb-spacing-right-large:11.52%;--awb-margin-bottom-large:3px;--awb-spacing-left-large:21.312%;--awb-width-medium:16.666666666667%;--awb-order-medium:0;--awb-spacing-right-medium:11.52%;--awb-spacing-left-medium:21.312%;--awb-width-small:100%;--awb-order-small:0;--awb-spacing-right-small:1.92%;--awb-spacing-left-small:1.92%;\"><div class=\"fusion-column-wrapper fusion-column-has-shadow fusion-flex-justify-content-flex-start fusion-content-layout-column\"><div style=\"text-align:center;\"><a class=\"fusion-button button-flat fusion-button-default-size button-default fusion-button-default button-1 fusion-button-default-span fusion-button-default-type\" style=\"--button-border-radius-top-left:10px;--button-border-radius-top-right:10px;\" target=\"_self\" href=\"#\"><span class=\"fusion-button-text\">Mai 2023<\/span><\/a><\/div><div class=\"fusion-text fusion-text-1\"><p style=\"text-align: center;\"><b style=\"font-size: 28px;\" data-fusion-font=\"true\">12 &amp; 13<\/b><\/p>\n<\/div><\/div><\/div><div class=\"fusion-layout-column fusion_builder_column fusion-builder-column-2 fusion_builder_column_5_6 5_6 fusion-flex-column\" style=\"--awb-bg-size:cover;--awb-width-large:83.333333333333%;--awb-margin-top-large:0px;--awb-spacing-right-large:2.304%;--awb-margin-bottom-large:20px;--awb-spacing-left-large:2.304%;--awb-width-medium:83.333333333333%;--awb-order-medium:0;--awb-spacing-right-medium:2.304%;--awb-spacing-left-medium:2.304%;--awb-width-small:100%;--awb-order-small:0;--awb-spacing-right-small:1.92%;--awb-spacing-left-small:1.92%;\"><div class=\"fusion-column-wrapper fusion-column-has-shadow fusion-flex-justify-content-flex-start fusion-content-layout-column\"><div class=\"fusion-title title fusion-title-1 fusion-sep-none fusion-title-text fusion-title-size-one\" style=\"--awb-text-color:#463481;--awb-font-size:41px;\"><h1 class=\"title-heading-left\" style=\"margin:0;font-size:1em;line-height:79.0px;\"><span style=\"font-family: Merriweather; font-weight: bold;\" data-fusion-font=\"true\" data-fusion-google-font=\"Merriweather\" data-fusion-google-variant=\"700\">2\u00e8me Congr\u00e8s National de Neurologie<\/span><\/p>\n<div><span style=\"font-style: var(--h1_typography-font-style,normal); font-weight: var(--h1_typography-font-weight); text-transform: var(--h1_typography-text-transform); background-color: var(--awb-bg-color); color: #4d95bd; font-size: 22px; line-height: 40px; letter-spacing: 0px; font-family: Merriweather;\" data-fusion-font=\"true\" data-fusion-google-font=\"Merriweather\" data-fusion-google-variant=\"700\"><i class=\"fb-icon-element-1 fb-icon-element fontawesome-icon fa-map-marker-alt fas circle-yes fusion-text-flow\" style=\"--awb-circlebordersize:0px;--awb-font-size:28.16px;--awb-width:56.32px;--awb-height:56.32px;--awb-line-height:56.32px;--awb-margin-top:10px;\"><\/i><span style=\"font-size: 24px; line-height: 25px;\" data-fusion-font=\"true\">H\u00f4tel Mercure, Alger<\/span><\/span><\/div><\/h1><\/div><\/div><\/div><\/div><\/div><div class=\"fusion-fullwidth fullwidth-box fusion-builder-row-2 fusion-flex-container has-pattern-background has-mask-background nonhundred-percent-fullwidth non-hundred-percent-height-scrolling\" style=\"--awb-border-radius-top-left:0px;--awb-border-radius-top-right:0px;--awb-border-radius-bottom-right:0px;--awb-border-radius-bottom-left:0px;\" ><div class=\"fusion-builder-row fusion-row fusion-flex-align-items-flex-start\" style=\"max-width:1248px;margin-left: calc(-4% \/ 2 );margin-right: calc(-4% \/ 2 );\"><div class=\"fusion-layout-column fusion_builder_column fusion-builder-column-3 fusion_builder_column_1_3 1_3 fusion-flex-column\" style=\"--awb-bg-size:cover;--awb-width-large:33.333333333333%;--awb-margin-top-large:0px;--awb-spacing-right-large:5.76%;--awb-margin-bottom-large:20px;--awb-spacing-left-large:5.76%;--awb-width-medium:33.333333333333%;--awb-order-medium:0;--awb-spacing-right-medium:5.76%;--awb-spacing-left-medium:5.76%;--awb-width-small:100%;--awb-order-small:0;--awb-spacing-right-small:1.92%;--awb-spacing-left-small:1.92%;\"><div class=\"fusion-column-wrapper fusion-column-has-shadow fusion-flex-justify-content-flex-start fusion-content-layout-column\"><div class=\"fusion-image-element \" style=\"--awb-caption-title-size:var(--h2_typography-font-size);--awb-caption-title-transform:var(--h2_typography-text-transform);--awb-caption-title-line-height:var(--h2_typography-line-height);--awb-caption-title-letter-spacing:var(--h2_typography-letter-spacing);\"><span class=\" fusion-imageframe imageframe-none imageframe-2 hover-type-none\"><img decoding=\"async\" width=\"908\" height=\"1276\" title=\"afficheSAN2023\" src=\"https:\/\/saneuro-dz.com\/wp-content\/uploads\/2023\/03\/afficheSAN2023.jpg\" alt class=\"img-responsive wp-image-235\" srcset=\"https:\/\/saneuro-dz.com\/wp-content\/uploads\/2023\/03\/afficheSAN2023-200x281.jpg 200w, https:\/\/saneuro-dz.com\/wp-content\/uploads\/2023\/03\/afficheSAN2023-400x562.jpg 400w, https:\/\/saneuro-dz.com\/wp-content\/uploads\/2023\/03\/afficheSAN2023-600x843.jpg 600w, https:\/\/saneuro-dz.com\/wp-content\/uploads\/2023\/03\/afficheSAN2023-800x1124.jpg 800w, https:\/\/saneuro-dz.com\/wp-content\/uploads\/2023\/03\/afficheSAN2023.jpg 908w\" sizes=\"(max-width: 640px) 100vw, 400px\" \/><\/span><\/div><div class=\"fusion-title title fusion-title-2 fusion-sep-none fusion-title-text fusion-title-size-one\" style=\"--awb-text-color:#463481;--awb-font-size:40px;\"><h1 class=\"title-heading-left\" style=\"margin:0;font-size:1em;\"><span style=\"font-family: Merriweather; font-weight: bold;\" data-fusion-font=\"true\" data-fusion-google-font=\"Merriweather\" data-fusion-google-variant=\"700\">Th\u00e8mes : <\/span><\/h1><\/div><div class=\"fusion-text fusion-text-2\"><ul>\n<li><span data-fusion-font=\"true\" data-fusion-google-font=\"Merriweather\" data-fusion-google-variant=\"700\">Pathologie inflammatoire,<\/span><\/li>\n<li><span data-fusion-font=\"true\" data-fusion-google-font=\"Merriweather\" data-fusion-google-variant=\"700\">Vasculaire,<\/span><\/li>\n<li><span data-fusion-font=\"true\" data-fusion-google-font=\"Merriweather\" data-fusion-google-variant=\"700\">D\u00e9g\u00e9n\u00e9rative,<\/span><\/li>\n<li><span data-fusion-font=\"true\" data-fusion-google-font=\"Merriweather\" data-fusion-google-variant=\"700\">Neuromusculaire,<\/span><\/li>\n<li><span data-fusion-font=\"true\" data-fusion-google-font=\"Merriweather\" data-fusion-google-variant=\"700\">\u00c9pilepsie,<\/span><\/li>\n<li><span data-fusion-font=\"true\" data-fusion-google-font=\"Merriweather\" data-fusion-google-variant=\"700\">Parkinson et autres mouvements anormaux,<\/span><\/li>\n<li><span data-fusion-font=\"true\" data-fusion-google-font=\"Merriweather\" data-fusion-google-variant=\"700\">C\u00e9phal\u00e9es et algies de la face,<\/span><\/li>\n<li><span data-fusion-font=\"true\" data-fusion-google-font=\"Merriweather\" data-fusion-google-variant=\"700\">Neurop\u00e9diatrie,<\/span><\/li>\n<li><span data-fusion-font=\"true\" data-fusion-google-font=\"Merriweather\" data-fusion-google-variant=\"700\">Douleur<\/span><\/li>\n<li><span data-fusion-font=\"true\" data-fusion-google-font=\"Merriweather\" data-fusion-google-variant=\"700\">Neuro infectieux<\/span><\/li>\n<li><span data-fusion-font=\"true\" data-fusion-google-font=\"Merriweather\" data-fusion-google-variant=\"700\">Neuro ophtalmologie<\/span><\/li>\n<li><span data-fusion-font=\"true\" data-fusion-google-font=\"Merriweather\" data-fusion-google-variant=\"700\">Neuro g\u00e9n\u00e9tique<\/span><\/li>\n<li><span data-fusion-font=\"true\" data-fusion-google-font=\"Merriweather\" data-fusion-google-variant=\"700\">Neuro oncologie<\/span><\/li>\n<li><span data-fusion-font=\"true\" data-fusion-google-font=\"Merriweather\" data-fusion-google-variant=\"700\">Autres<\/span><\/li>\n<\/ul>\n<\/div><\/div><\/div><div class=\"fusion-layout-column fusion_builder_column fusion-builder-column-4 fusion_builder_column_1_3 1_3 fusion-flex-column\" style=\"--awb-bg-size:cover;--awb-width-large:33.333333333333%;--awb-margin-top-large:0px;--awb-spacing-right-large:5.76%;--awb-margin-bottom-large:20px;--awb-spacing-left-large:5.76%;--awb-width-medium:33.333333333333%;--awb-order-medium:0;--awb-spacing-right-medium:5.76%;--awb-spacing-left-medium:5.76%;--awb-width-small:100%;--awb-order-small:0;--awb-spacing-right-small:1.92%;--awb-spacing-left-small:1.92%;\"><div class=\"fusion-column-wrapper fusion-column-has-shadow fusion-flex-justify-content-flex-start fusion-content-layout-column\"><div class=\"fusion-text fusion-text-3\"><p style=\"font-family: Merriweather; font-weight: 400; font-size: 15px;\" data-fusion-font=\"true\" data-fusion-google-font=\"Merriweather\" data-fusion-google-variant=\"400\">Les membres du bureau de la soci\u00e9t\u00e9 alg\u00e9rienne de Neurologie (SAN) ont le plaisir de vous annoncer l&rsquo;organisation du 2\u00e8me congr\u00e8s national de Neurologie qui aura lieu le 12 et 13 mai, \u00e0 l\u2019h\u00f4tel Mercure, Alger.<\/p>\n<p style=\"font-family: Merriweather; font-weight: 400; font-size: 15px;\" data-fusion-font=\"true\" data-fusion-google-font=\"Merriweather\" data-fusion-google-variant=\"400\">La th\u00e9matique choisie pour cette ann\u00e9e est \u00ab La neurologie en pratique quotidienne \u00bb.<\/p>\n<p style=\"font-family: Merriweather; font-weight: 400; font-size: 15px;\" data-fusion-font=\"true\" data-fusion-google-font=\"Merriweather\" data-fusion-google-variant=\"400\">cet effet, nous lan\u00e7ons un appel \u00e0 communications orales, en lien avec ce sujet, et aussi \u00e0 communications affich\u00e9es dont les th\u00e8mes, par contre, seront libres, \u00e0 soumettre au plus tard le 1er avril 2023 sur le site officiel de la SAN dont voici le lien : san-dz.com<\/p>\n<p style=\"font-family: Merriweather; font-weight: 400; font-size: 15px;\" data-fusion-font=\"true\" data-fusion-google-font=\"Merriweather\" data-fusion-google-variant=\"400\">Par ailleurs, tous les neurologues d\u00e9sireux d\u2019assister \u00e0 cet \u00e9v\u00e8nement scientifique devront s\u2019inscrire sur ce site<\/p>\n<\/div><\/div><\/div><div class=\"fusion-layout-column fusion_builder_column fusion-builder-column-5 fusion_builder_column_1_3 1_3 fusion-flex-column\" style=\"--awb-bg-size:cover;--awb-width-large:33.333333333333%;--awb-margin-top-large:0px;--awb-spacing-right-large:5.76%;--awb-margin-bottom-large:20px;--awb-spacing-left-large:5.76%;--awb-width-medium:33.333333333333%;--awb-order-medium:0;--awb-spacing-right-medium:5.76%;--awb-spacing-left-medium:5.76%;--awb-width-small:100%;--awb-order-small:0;--awb-spacing-right-small:1.92%;--awb-spacing-left-small:1.92%;\"><div class=\"fusion-column-wrapper fusion-column-has-shadow fusion-flex-justify-content-flex-start fusion-content-layout-column\"><div style=\"text-align:right;\"><a class=\"fusion-button button-flat fusion-button-default-size button-custom fusion-button-default button-2 fusion-button-span-yes fusion-button-default-type\" style=\"--button_accent_color:var(--awb-color1);--button_accent_hover_color:var(--awb-color1);--button_border_hover_color:var(--awb-color1);--button_gradient_top_color:#463481;--button_gradient_bottom_color:#463481;--button_gradient_top_color_hover:#463481;--button_gradient_bottom_color_hover:#463481;--button_typography-font-family:&quot;Merriweather&quot;;--button_typography-font-style:normal;--button_typography-font-weight:400;--button_margin-bottom:5px;\" target=\"_self\" href=\"https:\/\/saneuro-dz.com\/wp-content\/uploads\/2023\/05\/Recueil-des-communications-SAN-2023.pdf\"><i class=\"fa-book fas button-icon-left\" aria-hidden=\"true\"><\/i><span class=\"fusion-button-text\">Recueil des  abstracts<\/span><\/a><\/div><div style=\"text-align:center;\"><a class=\"fusion-button button-flat fusion-button-default-size button-custom fusion-button-default button-3 fusion-button-span-yes fusion-button-default-type\" style=\"--button_accent_color:var(--awb-color1);--button_accent_hover_color:var(--awb-color1);--button_border_hover_color:var(--awb-color1);--button_gradient_top_color:#463481;--button_gradient_bottom_color:#463481;--button_gradient_top_color_hover:#463481;--button_gradient_bottom_color_hover:#463481;--button_typography-font-family:&quot;Merriweather&quot;;--button_typography-font-style:normal;--button_typography-font-weight:400;--button_margin-bottom:5px;\" target=\"_self\" href=\"https:\/\/saneuro-dz.com\/wp-content\/uploads\/2023\/05\/Programme-SAN-2023-.pdf\"><i class=\"fa-file-alt fas button-icon-left\" aria-hidden=\"true\"><\/i><span class=\"fusion-button-text\">Programme et liste des EPOSTERS<\/span><\/a><\/div><div style=\"text-align:right;\"><a class=\"fusion-button button-flat fusion-button-default-size button-custom fusion-button-default button-4 fusion-button-span-yes fusion-button-default-type\" style=\"--button_accent_color:var(--awb-color1);--button_accent_hover_color:var(--awb-color1);--button_border_hover_color:var(--awb-color1);--button_gradient_top_color:#463481;--button_gradient_bottom_color:#463481;--button_gradient_top_color_hover:#463481;--button_gradient_bottom_color_hover:#463481;--button_typography-font-family:&quot;Merriweather&quot;;--button_typography-font-style:normal;--button_typography-font-weight:400;--button_margin-bottom:5px;\" target=\"_self\" href=\"https:\/\/saneuro-dz.com\/index.php\/2023\/03\/08\/appel-a-communication\/\"><i class=\"fa-volume-up fas button-icon-left\" aria-hidden=\"true\"><\/i><span class=\"fusion-button-text\">Appel \u00e0 communication<\/span><\/a><\/div><div ><a class=\"fusion-button button-flat fusion-button-default-size button-custom fusion-button-default button-5 fusion-button-span-yes fusion-button-default-type\" style=\"--button_accent_color:var(--awb-color1);--button_accent_hover_color:var(--awb-color1);--button_border_hover_color:var(--awb-color1);--button_gradient_top_color:#463481;--button_gradient_bottom_color:#463481;--button_gradient_top_color_hover:#463481;--button_gradient_bottom_color_hover:#463481;--button_typography-font-family:&quot;Merriweather&quot;;--button_typography-font-style:normal;--button_typography-font-weight:400;--button_margin-bottom:5px;\" target=\"_self\" href=\"https:\/\/saneuro-dz.com\/index.php\/2023\/03\/09\/dates-importantes-a-retenir\/\"><i class=\"fa-hourglass-start fas button-icon-left\" aria-hidden=\"true\"><\/i><span class=\"fusion-button-text\">Dates Importantes<\/span><\/a><\/div><div ><a class=\"fusion-button button-flat fusion-button-default-size button-custom fusion-button-default button-6 fusion-button-span-yes fusion-button-default-type\" style=\"--button_accent_color:var(--awb-color1);--button_accent_hover_color:var(--awb-color1);--button_border_hover_color:var(--awb-color1);--button_gradient_top_color:#463481;--button_gradient_bottom_color:#463481;--button_gradient_top_color_hover:#463481;--button_gradient_bottom_color_hover:#463481;--button_typography-font-family:&quot;Merriweather&quot;;--button_typography-font-style:normal;--button_typography-font-weight:400;--button_margin-bottom:5px;\" target=\"_self\"><i class=\"fa-user-edit fas button-icon-left\" aria-hidden=\"true\"><\/i><span class=\"fusion-button-text\">Recommandations aux auteurs<\/span><\/a><\/div><div ><a class=\"fusion-button button-flat fusion-button-default-size button-custom fusion-button-default button-7 fusion-button-span-yes fusion-button-default-type\" style=\"--button_accent_color:var(--awb-color1);--button_accent_hover_color:var(--awb-color1);--button_border_hover_color:var(--awb-color1);--button_gradient_top_color:#463481;--button_gradient_bottom_color:#463481;--button_gradient_top_color_hover:#463481;--button_gradient_bottom_color_hover:#463481;--button_font_size:15px;--button_typography-font-family:&quot;Merriweather&quot;;--button_typography-font-style:normal;--button_typography-font-weight:400;--button_margin-bottom:5px;\" target=\"_self\" href=\"https:\/\/saneuro-dz.com\/index.php\/2023\/03\/09\/recommandations-pour-les-e-posters\/\"><span class=\"fusion-button-text\">Recommandations pour les E-Posters<\/span><\/a><\/div><div ><a class=\"fusion-button button-flat fusion-button-default-size button-custom fusion-button-default button-8 fusion-button-span-yes fusion-button-default-type\" style=\"--button_accent_color:var(--awb-color1);--button_accent_hover_color:var(--awb-color1);--button_border_hover_color:var(--awb-color1);--button_gradient_top_color:#463481;--button_gradient_bottom_color:#463481;--button_gradient_top_color_hover:#463481;--button_gradient_bottom_color_hover:#463481;--button_font_size:15px;--button_typography-font-family:&quot;Merriweather&quot;;--button_typography-font-style:normal;--button_typography-font-weight:400;--button_margin-bottom:5px;\" target=\"_self\" href=\"https:\/\/saneuro-dz.com\/index.php\/2023\/03\/09\/recommandations-aux-orateurs\/\"><i class=\"fa-user-ninja fas button-icon-left\" aria-hidden=\"true\"><\/i><span class=\"fusion-button-text\">Recommandations aux ORATEURS<\/span><\/a><\/div><div class=\"fusion-builder-row fusion-builder-row-inner fusion-row fusion-flex-align-items-flex-start\" style=\"width:104% !important;max-width:104% !important;margin-left: calc(-4% \/ 2 );margin-right: calc(-4% \/ 2 );\"><div class=\"fusion-layout-column fusion_builder_column_inner fusion-builder-nested-column-0 fusion_builder_column_inner_1_1 1_1 fusion-flex-column\" style=\"--awb-bg-size:cover;--awb-width-large:100%;--awb-margin-top-large:0px;--awb-spacing-right-large:1.92%;--awb-margin-bottom-large:20px;--awb-spacing-left-large:1.92%;--awb-width-medium:100%;--awb-order-medium:0;--awb-spacing-right-medium:1.92%;--awb-spacing-left-medium:1.92%;--awb-width-small:100%;--awb-order-small:0;--awb-spacing-right-small:1.92%;--awb-spacing-left-small:1.92%;\"><div class=\"fusion-column-wrapper fusion-column-has-shadow fusion-flex-justify-content-flex-start fusion-content-layout-column\"><div class=\"fusion-title title fusion-title-3 fusion-sep-none fusion-title-text fusion-title-size-one\" style=\"--awb-text-color:#463481;--awb-font-size:30px;\"><h1 class=\"title-heading-left\" style=\"margin:0;font-size:1em;\"><div><span style=\"font-style: var(--h1_typography-font-style,normal); font-weight: var(--h1_typography-font-weight); text-transform: var(--h1_typography-text-transform); background-color: var(--awb-bg-color); color: #4d95bd; font-size: 22px; line-height: 40px; letter-spacing: 0px; font-family: Merriweather;\" data-fusion-font=\"true\" data-fusion-google-font=\"Merriweather\" data-fusion-google-variant=\"700\"><i class=\"fb-icon-element-2 fb-icon-element fontawesome-icon fa-map-marker-alt fas circle-yes fusion-text-flow\" style=\"--awb-circlebordersize:0px;--awb-font-size:28.16px;--awb-width:56.32px;--awb-height:56.32px;--awb-line-height:56.32px;--awb-margin-top:10px;\"><\/i><span style=\"font-size: 25px;\" data-fusion-font=\"true\">Lieu<\/span><\/span><\/div><\/h1><\/div><\/div><\/div><\/div>\t\t\t\t\t<script type=\"text\/javascript\">\n\t\t\t\t\t\tvar map_fusion_map_6a0957a42a335;\n\t\t\t\t\t\tvar markers = [];\n\t\t\t\t\t\tvar counter = 0;\n\t\t\t\t\t\t\t\t\t\t\t\t\t\t\t\t\t\t\t\tvar fusionMapNonce = '6209189f18';\n\t\t\t\t\t\t\t\t\t\t\t\tfunction fusion_run_map_fusion_map_6a0957a42a335() {\n\t\t\t\t\t\t\tjQuery('#fusion_map_6a0957a42a335').fusion_maps({\n\t\t\t\t\t\t\t\taddresses: [{\"address\":\" Mercure Hotel A\\u00e9roport\",\"infobox_content\":\" Mercure Hotel A\\u00e9roport\",\"coordinates\":false,\"cache\":false}],\n\t\t\t\t\t\t\t\tanimations: false,\n\t\t\t\t\t\t\t\tinfobox_background_color: '',\n\t\t\t\t\t\t\t\tinfobox_styling: 'default',\n\t\t\t\t\t\t\t\tinfobox_text_color: '',\n\t\t\t\t\t\t\t\tmap_style: 'default',\n\t\t\t\t\t\t\t\tmap_type: 'roadmap',\n\t\t\t\t\t\t\t\tmarker_icon: '',\n\t\t\t\t\t\t\t\toverlay_color: '',\n\t\t\t\t\t\t\t\toverlay_color_hsl: {\"hue\":0,\"sat\":0,\"lum\":100},\n\t\t\t\t\t\t\t\tpan_control: true,\n\t\t\t\t\t\t\t\tshow_address: true,\n\t\t\t\t\t\t\t\tscale_control: true,\n\t\t\t\t\t\t\t\tscrollwheel: true,\n\t\t\t\t\t\t\t\tzoom: 14,\n\t\t\t\t\t\t\t\tzoom_control: true,\n\t\t\t\t\t\t\t});\n\t\t\t\t\t\t}\n\n\t\t\t\t\t\tgoogle.maps.event.addDomListener(window, 'load', fusion_run_map_fusion_map_6a0957a42a335);\n\t\t\t\t\t<\/script>\n\t\t\t\t\t<div class=\"shortcode-map fusion-google-map fusion-maps-js-type\" id=\"fusion_map_6a0957a42a335\"><\/div><\/div><\/div><\/div><\/div><\/p>\n","protected":false},"excerpt":{"rendered":"","protected":false},"author":1,"featured_media":0,"parent":0,"menu_order":0,"comment_status":"closed","ping_status":"closed","template":"100-width.php","meta":{"_bbp_topic_count":0,"_bbp_reply_count":0,"_bbp_total_topic_count":0,"_bbp_total_reply_count":0,"_bbp_voice_count":0,"_bbp_anonymous_reply_count":0,"_bbp_topic_count_hidden":0,"_bbp_reply_count_hidden":0,"_bbp_forum_subforum_count":0,"footnotes":""},"class_list":["post-226","page","type-page","status-publish","hentry"],"_links":{"self":[{"href":"https:\/\/saneuro-dz.com\/index.php\/wp-json\/wp\/v2\/pages\/226","targetHints":{"allow":["GET"]}}],"collection":[{"href":"https:\/\/saneuro-dz.com\/index.php\/wp-json\/wp\/v2\/pages"}],"about":[{"href":"https:\/\/saneuro-dz.com\/index.php\/wp-json\/wp\/v2\/types\/page"}],"author":[{"embeddable":true,"href":"https:\/\/saneuro-dz.com\/index.php\/wp-json\/wp\/v2\/users\/1"}],"replies":[{"embeddable":true,"href":"https:\/\/saneuro-dz.com\/index.php\/wp-json\/wp\/v2\/comments?post=226"}],"version-history":[{"count":29,"href":"https:\/\/saneuro-dz.com\/index.php\/wp-json\/wp\/v2\/pages\/226\/revisions"}],"predecessor-version":[{"id":484,"href":"https:\/\/saneuro-dz.com\/index.php\/wp-json\/wp\/v2\/pages\/226\/revisions\/484"}],"wp:attachment":[{"href":"https:\/\/saneuro-dz.com\/index.php\/wp-json\/wp\/v2\/media?parent=226"}],"curies":[{"name":"wp","href":"https:\/\/api.w.org\/{rel}","templated":true}]}}